{"id":1200,"date":"2025-01-29T16:49:59","date_gmt":"2025-01-29T16:49:59","guid":{"rendered":"https:\/\/asorecicol.org\/?page_id=1200"},"modified":"2025-01-29T18:36:59","modified_gmt":"2025-01-29T18:36:59","slug":"terminos-y-condiciones","status":"publish","type":"page","link":"https:\/\/asorecicol.org\/index.php\/terminos-y-condiciones\/","title":{"rendered":"T\u00e9rminos y condiciones"},"content":{"rendered":"\t\t<div data-elementor-type=\"wp-page\" data-elementor-id=\"1200\" class=\"elementor elementor-1200\" data-elementor-settings=\"{&quot;ha_cmc_init_switcher&quot;:&quot;no&quot;}\">\n\t\t\t\t<div class=\"elementor-element elementor-element-b4676d8 e-con-full e-flex e-con e-parent\" data-id=\"b4676d8\" data-element_type=\"container\" data-settings=\"{&quot;_ha_eqh_enable&quot;:false}\">\n\t\t\t\t<div class=\"elementor-element elementor-element-ffcb50a elementor-widget elementor-widget-heading\" data-id=\"ffcb50a\" data-element_type=\"widget\" data-widget_type=\"heading.default\">\n\t\t\t\t<div class=\"elementor-widget-container\">\n\t\t\t\t\t<h2 class=\"elementor-heading-title elementor-size-default\">T\u00e9rminos y condiciones de uso<\/h2>\t\t\t\t<\/div>\n\t\t\t\t<\/div>\n\t\t\t\t<\/div>\n\t\t<div class=\"elementor-element elementor-element-8435b23 e-con-full e-flex e-con e-parent\" data-id=\"8435b23\" data-element_type=\"container\" data-settings=\"{&quot;_ha_eqh_enable&quot;:false}\">\n\t\t\t\t<div class=\"elementor-element elementor-element-bdc117a elementor-widget elementor-widget-heading\" data-id=\"bdc117a\" data-element_type=\"widget\" data-widget_type=\"heading.default\">\n\t\t\t\t<div class=\"elementor-widget-container\">\n\t\t\t\t\t<h2 class=\"elementor-heading-title elementor-size-default\">Bienvenido a la p\u00e1gina web de la ASOCIACI\u00d3N DE RECICLADORES DE OFICIO PARA COLOMBIA - en adelante ASORECICOL una p\u00e1gina web que muestra una oferta de Servicios e informaci\u00f3n sobre el que hacer de la asociaci\u00f3n y sus recicladores. Al acceder, consultar o usar nuestra plataforma web (en adelante, el \"SITIO\"), aceptas los siguientes T\u00e9rminos y Condiciones de Uso. Por favor, lee detenidamente esta informaci\u00f3n antes de realizar cualquier acci\u00f3n en el SITIO.<\/h2>\t\t\t\t<\/div>\n\t\t\t\t<\/div>\n\t\t\t\t<div class=\"elementor-element elementor-element-18b4a4d elementor-widget elementor-widget-heading\" data-id=\"18b4a4d\" data-element_type=\"widget\" data-widget_type=\"heading.default\">\n\t\t\t\t<div class=\"elementor-widget-container\">\n\t\t\t\t\t<h2 class=\"elementor-heading-title elementor-size-default\">1. Informaci\u00f3n General<\/h2>\t\t\t\t<\/div>\n\t\t\t\t<\/div>\n\t\t\t\t<div class=\"elementor-element elementor-element-a5df222 elementor-widget elementor-widget-heading\" data-id=\"a5df222\" data-element_type=\"widget\" data-widget_type=\"heading.default\">\n\t\t\t\t<div class=\"elementor-widget-container\">\n\t\t\t\t\t<h2 class=\"elementor-heading-title elementor-size-default\">Este SITIO es operado por ASORECICOL con identificaci\u00f3n NIT 901319011. Este SITIO ofrece un conjunto de informaci\u00f3n para que los clientes de el que hacer de la asociaci\u00f3n y sus recicladores puedan consultar la propuesta de valor de Servicios que se tiene para ofertar. <\/h2>\t\t\t\t<\/div>\n\t\t\t\t<\/div>\n\t\t\t\t<div class=\"elementor-element elementor-element-37a39f9 elementor-widget elementor-widget-heading\" data-id=\"37a39f9\" data-element_type=\"widget\" data-widget_type=\"heading.default\">\n\t\t\t\t<div class=\"elementor-widget-container\">\n\t\t\t\t\t<h2 class=\"elementor-heading-title elementor-size-default\">2. Acerca de los Servicios Ofrecidos<\/h2>\t\t\t\t<\/div>\n\t\t\t\t<\/div>\n\t\t\t\t<div class=\"elementor-element elementor-element-614a1d7 elementor-widget elementor-widget-heading\" data-id=\"614a1d7\" data-element_type=\"widget\" data-widget_type=\"heading.default\">\n\t\t\t\t<div class=\"elementor-widget-container\">\n\t\t\t\t\t<h2 class=\"elementor-heading-title elementor-size-default\">Es potestativo de ASORECICOL elegir la informaci\u00f3n, funcionalidades o caracter\u00edsticas ofrecidas en el SITIO. Asimismo est\u00e1 en la libertad de incluir o retirar funciones, servicios o productos sin previo aviso ni autorizaci\u00f3n. <\/h2>\t\t\t\t<\/div>\n\t\t\t\t<\/div>\n\t\t\t\t<div class=\"elementor-element elementor-element-ee81e97 elementor-widget elementor-widget-heading\" data-id=\"ee81e97\" data-element_type=\"widget\" data-widget_type=\"heading.default\">\n\t\t\t\t<div class=\"elementor-widget-container\">\n\t\t\t\t\t<h2 class=\"elementor-heading-title elementor-size-default\">3. Propiedad Intelectual<\/h2>\t\t\t\t<\/div>\n\t\t\t\t<\/div>\n\t\t\t\t<div class=\"elementor-element elementor-element-21f7a1e elementor-widget elementor-widget-heading\" data-id=\"21f7a1e\" data-element_type=\"widget\" data-widget_type=\"heading.default\">\n\t\t\t\t<div class=\"elementor-widget-container\">\n\t\t\t\t\t<h2 class=\"elementor-heading-title elementor-size-default\">Todos los contenidos del SITIO, incluyendo im\u00e1genes, textos y dise\u00f1o, est\u00e1n protegidos por derechos de autor. No est\u00e1 permitido utilizar, reproducir o distribuir estos contenidos sin autorizaci\u00f3n expresa y escrita de ASORECICOL. El usuario reconoce y acepta que el uso del servicio no implica la cesi\u00f3n de ning\u00fan derecho de propiedad intelectual sobre el mismo.<\/h2>\t\t\t\t<\/div>\n\t\t\t\t<\/div>\n\t\t\t\t<div class=\"elementor-element elementor-element-9dde920 elementor-widget elementor-widget-heading\" data-id=\"9dde920\" data-element_type=\"widget\" data-widget_type=\"heading.default\">\n\t\t\t\t<div class=\"elementor-widget-container\">\n\t\t\t\t\t<h2 class=\"elementor-heading-title elementor-size-default\">4. Privacidad<\/h2>\t\t\t\t<\/div>\n\t\t\t\t<\/div>\n\t\t\t\t<div class=\"elementor-element elementor-element-8fe34fb elementor-widget elementor-widget-heading\" data-id=\"8fe34fb\" data-element_type=\"widget\" data-widget_type=\"heading.default\">\n\t\t\t\t<div class=\"elementor-widget-container\">\n\t\t\t\t\t<h2 class=\"elementor-heading-title elementor-size-default\">Manejamos todos los datos de los usuarios de acuerdo a la normativa vigente colombiana. Puede consultar la \u201cPol\u00edtica de privacidad y manejo de datos personales\u201d para obtener informaci\u00f3n sobre c\u00f3mo se manejan los datos personales en el SITIO.\n\n <\/h2>\t\t\t\t<\/div>\n\t\t\t\t<\/div>\n\t\t\t\t<div class=\"elementor-element elementor-element-c4ed2cd elementor-widget elementor-widget-heading\" data-id=\"c4ed2cd\" data-element_type=\"widget\" data-widget_type=\"heading.default\">\n\t\t\t\t<div class=\"elementor-widget-container\">\n\t\t\t\t\t<h2 class=\"elementor-heading-title elementor-size-default\">5. Limitaci\u00f3n de responsabilidad<\/h2>\t\t\t\t<\/div>\n\t\t\t\t<\/div>\n\t\t\t\t<div class=\"elementor-element elementor-element-ecfc5f4 elementor-widget elementor-widget-heading\" data-id=\"ecfc5f4\" data-element_type=\"widget\" data-widget_type=\"heading.default\">\n\t\t\t\t<div class=\"elementor-widget-container\">\n\t\t\t\t\t<h2 class=\"elementor-heading-title elementor-size-default\">ASORECICOL no ser\u00e1 responsable por cualquier da\u00f1o, p\u00e9rdida o perjuicio que pueda sufrir el usuario como resultado del uso o interpretaci\u00f3n de la informaci\u00f3n aqu\u00ed contenida, del  uso del servicio o, en general, del acceso a alguna de las  funcionalidades prove\u00eddas.<\/h2>\t\t\t\t<\/div>\n\t\t\t\t<\/div>\n\t\t\t\t<div class=\"elementor-element elementor-element-a58ea6c elementor-widget elementor-widget-heading\" data-id=\"a58ea6c\" data-element_type=\"widget\" data-widget_type=\"heading.default\">\n\t\t\t\t<div class=\"elementor-widget-container\">\n\t\t\t\t\t<h2 class=\"elementor-heading-title elementor-size-default\">6. Garant\u00eda<\/h2>\t\t\t\t<\/div>\n\t\t\t\t<\/div>\n\t\t\t\t<div class=\"elementor-element elementor-element-5c39765 elementor-widget elementor-widget-heading\" data-id=\"5c39765\" data-element_type=\"widget\" data-widget_type=\"heading.default\">\n\t\t\t\t<div class=\"elementor-widget-container\">\n\t\t\t\t\t<h2 class=\"elementor-heading-title elementor-size-default\">ASORECICOL garantiza que el servicio de esta p\u00e1gina web se prestar\u00e1 de manera diligente. En caso de que el usuario tenga problemas t\u00e9cnicos con la p\u00e1gina, ASORECICOL se compromete a hacer todos los esfuerzos razonables para solucionarlos. Sin embargo, ASORECICOL no garantiza que el servicio estar\u00e1 libre de errores o interrupciones. <\/h2>\t\t\t\t<\/div>\n\t\t\t\t<\/div>\n\t\t\t\t<div class=\"elementor-element elementor-element-0c68356 elementor-widget elementor-widget-heading\" data-id=\"0c68356\" data-element_type=\"widget\" data-widget_type=\"heading.default\">\n\t\t\t\t<div class=\"elementor-widget-container\">\n\t\t\t\t\t<h2 class=\"elementor-heading-title elementor-size-default\">7. Ley Aplicable y Jurisdicci\u00f3n<\/h2>\t\t\t\t<\/div>\n\t\t\t\t<\/div>\n\t\t\t\t<div class=\"elementor-element elementor-element-0a0bfdf elementor-widget elementor-widget-heading\" data-id=\"0a0bfdf\" data-element_type=\"widget\" data-widget_type=\"heading.default\">\n\t\t\t\t<div class=\"elementor-widget-container\">\n\t\t\t\t\t<h2 class=\"elementor-heading-title elementor-size-default\">Estos T\u00e9rminos y Condiciones de Uso se rigen por las leyes de la Rep\u00fablica de Colombia. Cualquier disputa derivada de estos T\u00e9rminos y Condiciones estar\u00e1 sujeta a la jurisdicci\u00f3n de los tribunales competentes en Colombia.<\/h2>\t\t\t\t<\/div>\n\t\t\t\t<\/div>\n\t\t\t\t<div class=\"elementor-element elementor-element-67ab9da elementor-widget elementor-widget-heading\" data-id=\"67ab9da\" data-element_type=\"widget\" data-widget_type=\"heading.default\">\n\t\t\t\t<div class=\"elementor-widget-container\">\n\t\t\t\t\t<h2 class=\"elementor-heading-title elementor-size-default\">8. Aceptaci\u00f3n de los t\u00e9rminos y condiciones<\/h2>\t\t\t\t<\/div>\n\t\t\t\t<\/div>\n\t\t\t\t<div class=\"elementor-element elementor-element-28b9532 elementor-widget elementor-widget-text-editor\" data-id=\"28b9532\" data-element_type=\"widget\" data-widget_type=\"text-editor.default\">\n\t\t\t\t<div class=\"elementor-widget-container\">\n\t\t\t\t\t\t\t\t\t<p>Al utilizar el SITIO, el usuario, cliente o potencial cliente, acepta estos T\u00e9rminos y Condiciones en su totalidad. ASORECICOL se reserva el derecho de modificar o actualizar estos t\u00e9rminos en cualquier momento, y dichas modificaciones entrar\u00e1n en vigencia desde su publicaci\u00f3n en el SITIO. Cualquier duda o inquietud sobre los presentes T\u00e9rminos y Condiciones puede ser remitida al correo <span style=\"color: #000000;\"><a class=\"css-1rn59kg\" style=\"color: #000000;\" title=\"mailto:arecicol1.esp@gmail.com\" href=\"mailto:arecicol1.esp@gmail.com\" data-testid=\"link-with-safety\" data-renderer-mark=\"true\">arecicol1.esp@gmail.com<\/a>.<\/span><\/p><div class=\"_19pkpxbi\"><div class=\"_16jlkb7n _1o9zkb7n _i0dlf1ug _kqswh2mm\"><div class=\"_1bsb1osq\"><div class=\"_1runpxbi\"><div class=\"_1b0m53f4\" data-editor-container-id=\"issue-description-editor\"><div role=\"presentation\" data-testid=\"issue.views.field.rich-text.description\"><div class=\"_1bsb1osq _1bohx0bf _a4q3x0bf _1gzc1txw _auuz1h6o _1o4r1hna _osjgidpf _alyvidpf _pa3x12x7 _2g9b12x7\"><div class=\"_otyr1ejb _3tcu1h67\" data-component-selector=\"jira.issue-view.common.inline-edit.compact-wrapper-control\"><div class=\"_12jb1r31 _1gjeglyw _qrzw1o36\"><form role=\"presentation\"><div class=\"_1pfhu2gc\"><div class=\"_vwz4kb7n\"><div class=\"_2rko1sit _v564thzt _1h6d3acm _1dqonqa1 _189e1bk5 _1e0c1o8l _vchhusvi _1bsb1osq _p12f1osq _irr314ae\" role=\"presentation\" data-read-view-fit-container-width=\"true\"><div class=\"_1bsb1osq\" data-component-selector=\"jira-issue-view-rich-text-inline-edit-view-container\"><div role=\"presentation\"><div class=\"ak-renderer-wrapper is-comment css-pw7jst\"><div class=\"css-gxgr54\"><div class=\"ak-renderer-document\"><p data-renderer-start-pos=\"3137\">\u00daltima actualizaci\u00f3n: 22 de enero de 2025.<\/p><\/div><\/div><\/div><\/div><\/div><\/div><\/div><\/div><\/form><\/div><\/div><\/div><\/div><\/div><\/div><\/div><\/div><\/div>\t\t\t\t\t\t\t\t<\/div>\n\t\t\t\t<\/div>\n\t\t\t\t<\/div>\n\t\t\t\t<\/div>\n\t\t","protected":false},"excerpt":{"rendered":"<p>T\u00e9rminos y condiciones de uso Bienvenido a la p\u00e1gina web de la ASOCIACI\u00d3N DE RECICLADORES DE OFICIO PARA COLOMBIA &#8211; en adelante ASORECICOL una p\u00e1gina web que muestra una oferta de Servicios e informaci\u00f3n sobre el que hacer de la asociaci\u00f3n y sus recicladores. Al acceder, consultar o usar nuestra plataforma web (en adelante, el [&hellip;]<\/p>\n","protected":false},"author":1,"featured_media":0,"parent":0,"menu_order":0,"comment_status":"closed","ping_status":"closed","template":"","meta":{"ocean_post_layout":"","ocean_both_sidebars_style":"","ocean_both_sidebars_content_width":0,"ocean_both_sidebars_sidebars_width":0,"ocean_sidebar":"","ocean_second_sidebar":"","ocean_disable_margins":"enable","ocean_add_body_class":"","ocean_shortcode_before_top_bar":"","ocean_shortcode_after_top_bar":"","ocean_shortcode_before_header":"","ocean_shortcode_after_header":"","ocean_has_shortcode":"","ocean_shortcode_after_title":"","ocean_shortcode_before_footer_widgets":"","ocean_shortcode_after_footer_widgets":"","ocean_shortcode_before_footer_bottom":"","ocean_shortcode_after_footer_bottom":"","ocean_display_top_bar":"default","ocean_display_header":"default","ocean_header_style":"","ocean_center_header_left_menu":"","ocean_custom_header_template":"","ocean_custom_logo":0,"ocean_custom_retina_logo":0,"ocean_custom_logo_max_width":0,"ocean_custom_logo_tablet_max_width":0,"ocean_custom_logo_mobile_max_width":0,"ocean_custom_logo_max_height":0,"ocean_custom_logo_tablet_max_height":0,"ocean_custom_logo_mobile_max_height":0,"ocean_header_custom_menu":"","ocean_menu_typo_font_family":"","ocean_menu_typo_font_subset":"","ocean_menu_typo_font_size":0,"ocean_menu_typo_font_size_tablet":0,"ocean_menu_typo_font_size_mobile":0,"ocean_menu_typo_font_size_unit":"px","ocean_menu_typo_font_weight":"","ocean_menu_typo_font_weight_tablet":"","ocean_menu_typo_font_weight_mobile":"","ocean_menu_typo_transform":"","ocean_menu_typo_transform_tablet":"","ocean_menu_typo_transform_mobile":"","ocean_menu_typo_line_height":0,"ocean_menu_typo_line_height_tablet":0,"ocean_menu_typo_line_height_mobile":0,"ocean_menu_typo_line_height_unit":"","ocean_menu_typo_spacing":0,"ocean_menu_typo_spacing_tablet":0,"ocean_menu_typo_spacing_mobile":0,"ocean_menu_typo_spacing_unit":"","ocean_menu_link_color":"","ocean_menu_link_color_hover":"","ocean_menu_link_color_active":"","ocean_menu_link_background":"","ocean_menu_link_hover_background":"","ocean_menu_link_active_background":"","ocean_menu_social_links_bg":"","ocean_menu_social_hover_links_bg":"","ocean_menu_social_links_color":"","ocean_menu_social_hover_links_color":"","ocean_disable_title":"default","ocean_disable_heading":"default","ocean_post_title":"","ocean_post_subheading":"","ocean_post_title_style":"","ocean_post_title_background_color":"","ocean_post_title_background":0,"ocean_post_title_bg_image_position":"","ocean_post_title_bg_image_attachment":"","ocean_post_title_bg_image_repeat":"","ocean_post_title_bg_image_size":"","ocean_post_title_height":0,"ocean_post_title_bg_overlay":0.5,"ocean_post_title_bg_overlay_color":"","ocean_disable_breadcrumbs":"default","ocean_breadcrumbs_color":"","ocean_breadcrumbs_separator_color":"","ocean_breadcrumbs_links_color":"","ocean_breadcrumbs_links_hover_color":"","ocean_display_footer_widgets":"default","ocean_display_footer_bottom":"default","ocean_custom_footer_template":"","footnotes":""},"class_list":["post-1200","page","type-page","status-publish","hentry","entry","owp-thumbs-layout-horizontal","owp-btn-normal","owp-tabs-layout-horizontal","has-no-thumbnails"],"yoast_head":"<!-- This site is optimized with the Yoast SEO plugin v26.0 - https:\/\/yoast.com\/wordpress\/plugins\/seo\/ -->\n<title>T\u00e9rminos y condiciones - Asorecicol<\/title>\n<meta name=\"robots\" content=\"index, follow, max-snippet:-1, max-image-preview:large, max-video-preview:-1\" \/>\n<link rel=\"canonical\" href=\"https:\/\/asorecicol.org\/index.php\/terminos-y-condiciones\/\" \/>\n<meta property=\"og:locale\" content=\"es_ES\" \/>\n<meta property=\"og:type\" content=\"article\" \/>\n<meta property=\"og:title\" content=\"T\u00e9rminos y condiciones - Asorecicol\" \/>\n<meta property=\"og:description\" content=\"T\u00e9rminos y condiciones de uso Bienvenido a la p\u00e1gina web de la ASOCIACI\u00d3N DE RECICLADORES DE OFICIO PARA COLOMBIA &#8211; en adelante ASORECICOL una p\u00e1gina web que muestra una oferta de Servicios e informaci\u00f3n sobre el que hacer de la asociaci\u00f3n y sus recicladores. Al acceder, consultar o usar nuestra plataforma web (en adelante, el [&hellip;]\" \/>\n<meta property=\"og:url\" content=\"https:\/\/asorecicol.org\/index.php\/terminos-y-condiciones\/\" \/>\n<meta property=\"og:site_name\" content=\"Asorecicol\" \/>\n<meta property=\"article:modified_time\" content=\"2025-01-29T18:36:59+00:00\" \/>\n<meta name=\"twitter:card\" content=\"summary_large_image\" \/>\n<meta name=\"twitter:label1\" content=\"Tiempo de lectura\" \/>\n\t<meta name=\"twitter:data1\" content=\"3 minutos\" \/>\n<script type=\"application\/ld+json\" class=\"yoast-schema-graph\">{\"@context\":\"https:\/\/schema.org\",\"@graph\":[{\"@type\":\"WebPage\",\"@id\":\"https:\/\/asorecicol.org\/index.php\/terminos-y-condiciones\/\",\"url\":\"https:\/\/asorecicol.org\/index.php\/terminos-y-condiciones\/\",\"name\":\"T\u00e9rminos y condiciones - Asorecicol\",\"isPartOf\":{\"@id\":\"https:\/\/asorecicol.org\/#website\"},\"datePublished\":\"2025-01-29T16:49:59+00:00\",\"dateModified\":\"2025-01-29T18:36:59+00:00\",\"breadcrumb\":{\"@id\":\"https:\/\/asorecicol.org\/index.php\/terminos-y-condiciones\/#breadcrumb\"},\"inLanguage\":\"es-CO\",\"potentialAction\":[{\"@type\":\"ReadAction\",\"target\":[\"https:\/\/asorecicol.org\/index.php\/terminos-y-condiciones\/\"]}]},{\"@type\":\"BreadcrumbList\",\"@id\":\"https:\/\/asorecicol.org\/index.php\/terminos-y-condiciones\/#breadcrumb\",\"itemListElement\":[{\"@type\":\"ListItem\",\"position\":1,\"name\":\"Inicio\",\"item\":\"https:\/\/asorecicol.org\/\"},{\"@type\":\"ListItem\",\"position\":2,\"name\":\"T\u00e9rminos y condiciones\"}]},{\"@type\":\"WebSite\",\"@id\":\"https:\/\/asorecicol.org\/#website\",\"url\":\"https:\/\/asorecicol.org\/\",\"name\":\"Asorecicol\",\"description\":\"\",\"publisher\":{\"@id\":\"https:\/\/asorecicol.org\/#organization\"},\"potentialAction\":[{\"@type\":\"SearchAction\",\"target\":{\"@type\":\"EntryPoint\",\"urlTemplate\":\"https:\/\/asorecicol.org\/?s={search_term_string}\"},\"query-input\":{\"@type\":\"PropertyValueSpecification\",\"valueRequired\":true,\"valueName\":\"search_term_string\"}}],\"inLanguage\":\"es-CO\"},{\"@type\":\"Organization\",\"@id\":\"https:\/\/asorecicol.org\/#organization\",\"name\":\"Asorecicol\",\"url\":\"https:\/\/asorecicol.org\/\",\"logo\":{\"@type\":\"ImageObject\",\"inLanguage\":\"es-CO\",\"@id\":\"https:\/\/asorecicol.org\/#\/schema\/logo\/image\/\",\"url\":\"https:\/\/asorecicol.org\/wp-content\/uploads\/2025\/01\/cropped-logo-3.webp\",\"contentUrl\":\"https:\/\/asorecicol.org\/wp-content\/uploads\/2025\/01\/cropped-logo-3.webp\",\"width\":1078,\"height\":484,\"caption\":\"Asorecicol\"},\"image\":{\"@id\":\"https:\/\/asorecicol.org\/#\/schema\/logo\/image\/\"}}]}<\/script>\n<!-- \/ Yoast SEO plugin. -->","yoast_head_json":{"title":"T\u00e9rminos y condiciones - Asorecicol","robots":{"index":"index","follow":"follow","max-snippet":"max-snippet:-1","max-image-preview":"max-image-preview:large","max-video-preview":"max-video-preview:-1"},"canonical":"https:\/\/asorecicol.org\/index.php\/terminos-y-condiciones\/","og_locale":"es_ES","og_type":"article","og_title":"T\u00e9rminos y condiciones - Asorecicol","og_description":"T\u00e9rminos y condiciones de uso Bienvenido a la p\u00e1gina web de la ASOCIACI\u00d3N DE RECICLADORES DE OFICIO PARA COLOMBIA &#8211; en adelante ASORECICOL una p\u00e1gina web que muestra una oferta de Servicios e informaci\u00f3n sobre el que hacer de la asociaci\u00f3n y sus recicladores. Al acceder, consultar o usar nuestra plataforma web (en adelante, el [&hellip;]","og_url":"https:\/\/asorecicol.org\/index.php\/terminos-y-condiciones\/","og_site_name":"Asorecicol","article_modified_time":"2025-01-29T18:36:59+00:00","twitter_card":"summary_large_image","twitter_misc":{"Tiempo de lectura":"3 minutos"},"schema":{"@context":"https:\/\/schema.org","@graph":[{"@type":"WebPage","@id":"https:\/\/asorecicol.org\/index.php\/terminos-y-condiciones\/","url":"https:\/\/asorecicol.org\/index.php\/terminos-y-condiciones\/","name":"T\u00e9rminos y condiciones - Asorecicol","isPartOf":{"@id":"https:\/\/asorecicol.org\/#website"},"datePublished":"2025-01-29T16:49:59+00:00","dateModified":"2025-01-29T18:36:59+00:00","breadcrumb":{"@id":"https:\/\/asorecicol.org\/index.php\/terminos-y-condiciones\/#breadcrumb"},"inLanguage":"es-CO","potentialAction":[{"@type":"ReadAction","target":["https:\/\/asorecicol.org\/index.php\/terminos-y-condiciones\/"]}]},{"@type":"BreadcrumbList","@id":"https:\/\/asorecicol.org\/index.php\/terminos-y-condiciones\/#breadcrumb","itemListElement":[{"@type":"ListItem","position":1,"name":"Inicio","item":"https:\/\/asorecicol.org\/"},{"@type":"ListItem","position":2,"name":"T\u00e9rminos y condiciones"}]},{"@type":"WebSite","@id":"https:\/\/asorecicol.org\/#website","url":"https:\/\/asorecicol.org\/","name":"Asorecicol","description":"","publisher":{"@id":"https:\/\/asorecicol.org\/#organization"},"potentialAction":[{"@type":"SearchAction","target":{"@type":"EntryPoint","urlTemplate":"https:\/\/asorecicol.org\/?s={search_term_string}"},"query-input":{"@type":"PropertyValueSpecification","valueRequired":true,"valueName":"search_term_string"}}],"inLanguage":"es-CO"},{"@type":"Organization","@id":"https:\/\/asorecicol.org\/#organization","name":"Asorecicol","url":"https:\/\/asorecicol.org\/","logo":{"@type":"ImageObject","inLanguage":"es-CO","@id":"https:\/\/asorecicol.org\/#\/schema\/logo\/image\/","url":"https:\/\/asorecicol.org\/wp-content\/uploads\/2025\/01\/cropped-logo-3.webp","contentUrl":"https:\/\/asorecicol.org\/wp-content\/uploads\/2025\/01\/cropped-logo-3.webp","width":1078,"height":484,"caption":"Asorecicol"},"image":{"@id":"https:\/\/asorecicol.org\/#\/schema\/logo\/image\/"}}]}},"_links":{"self":[{"href":"https:\/\/asorecicol.org\/index.php\/wp-json\/wp\/v2\/pages\/1200","targetHints":{"allow":["GET"]}}],"collection":[{"href":"https:\/\/asorecicol.org\/index.php\/wp-json\/wp\/v2\/pages"}],"about":[{"href":"https:\/\/asorecicol.org\/index.php\/wp-json\/wp\/v2\/types\/page"}],"author":[{"embeddable":true,"href":"https:\/\/asorecicol.org\/index.php\/wp-json\/wp\/v2\/users\/1"}],"replies":[{"embeddable":true,"href":"https:\/\/asorecicol.org\/index.php\/wp-json\/wp\/v2\/comments?post=1200"}],"version-history":[{"count":0,"href":"https:\/\/asorecicol.org\/index.php\/wp-json\/wp\/v2\/pages\/1200\/revisions"}],"wp:attachment":[{"href":"https:\/\/asorecicol.org\/index.php\/wp-json\/wp\/v2\/media?parent=1200"}],"curies":[{"name":"wp","href":"https:\/\/api.w.org\/{rel}","templated":true}]}}