{"id":76,"date":"2025-01-10T17:03:45","date_gmt":"2025-01-10T17:03:45","guid":{"rendered":"https:\/\/vivido-ia.com\/wordpress\/?page_id=76"},"modified":"2025-01-27T20:29:41","modified_gmt":"2025-01-27T20:29:41","slug":"contacto","status":"publish","type":"page","link":"https:\/\/asorecicol.org\/index.php\/contacto\/","title":{"rendered":"Contacto"},"content":{"rendered":"\t\t<div data-elementor-type=\"wp-page\" data-elementor-id=\"76\" class=\"elementor elementor-76\" data-elementor-settings=\"{&quot;ha_cmc_init_switcher&quot;:&quot;no&quot;}\">\n\t\t\t\t<div class=\"elementor-element elementor-element-773639f e-con-full e-flex e-con e-parent\" data-id=\"773639f\" data-element_type=\"container\" data-settings=\"{&quot;background_background&quot;:&quot;classic&quot;,&quot;_ha_eqh_enable&quot;:false}\">\n\t\t<div class=\"elementor-element elementor-element-cdd5812 e-con-full e-flex e-con e-child\" data-id=\"cdd5812\" data-element_type=\"container\" data-settings=\"{&quot;_ha_eqh_enable&quot;:false}\">\n\t\t\t\t<div class=\"elementor-element elementor-element-027e790 elementor-widget elementor-widget-heading\" data-id=\"027e790\" data-element_type=\"widget\" data-widget_type=\"heading.default\">\n\t\t\t\t<div class=\"elementor-widget-container\">\n\t\t\t\t\t<h2 class=\"elementor-heading-title elementor-size-default\">Contacto y PQR<\/h2>\t\t\t\t<\/div>\n\t\t\t\t<\/div>\n\t\t\t\t<div class=\"elementor-element elementor-element-00d905a elementor-widget elementor-widget-text-editor\" data-id=\"00d905a\" data-element_type=\"widget\" data-widget_type=\"text-editor.default\">\n\t\t\t\t<div class=\"elementor-widget-container\">\n\t\t\t\t\t\t\t\t\t<p>\u00bfNecesitas enviar una imagen o un documento?<\/p><p>Por favor env\u00edanos un mensaje al correo <span style=\"color: #ffffff;\"><a style=\"color: #ffffff;\" href=\"mailto:pqr@asorecicol.org\">pqr@asorecicol.org<\/a><\/span><\/p>\t\t\t\t\t\t\t\t<\/div>\n\t\t\t\t<\/div>\n\t\t\t\t<\/div>\n\t\t<div class=\"elementor-element elementor-element-5d900bc e-con-full e-flex e-con e-child\" data-id=\"5d900bc\" data-element_type=\"container\" data-settings=\"{&quot;background_background&quot;:&quot;classic&quot;,&quot;_ha_eqh_enable&quot;:false}\">\n\t\t\t\t<div class=\"elementor-element elementor-element-421c5ae elementor-widget elementor-widget-formidable\" data-id=\"421c5ae\" data-element_type=\"widget\" data-widget_type=\"formidable.default\">\n\t\t\t\t<div class=\"elementor-widget-container\">\n\t\t\t\t\t<div class=\"frm_forms  with_frm_style frm_style_estilos-formidable\" id=\"frm_form_1_container\" >\n<form enctype=\"multipart\/form-data\" method=\"post\" class=\"frm-show-form \" id=\"form_contact-form\" >\n<div class=\"frm_form_fields \">\n<fieldset>\n<legend class=\"frm_screen_reader\">Contacto<\/legend>\r\n\r\n<div class=\"frm_fields_container\">\n<input type=\"hidden\" name=\"frm_action\" value=\"create\" \/>\n<input type=\"hidden\" name=\"form_id\" value=\"1\" \/>\n<input type=\"hidden\" name=\"frm_hide_fields_1\" id=\"frm_hide_fields_1\" value=\"\" \/>\n<input type=\"hidden\" name=\"form_key\" value=\"contact-form\" \/>\n<input type=\"hidden\" name=\"item_meta[0]\" value=\"\" \/>\n<input type=\"hidden\" id=\"frm_submit_entry_1\" name=\"frm_submit_entry_1\" value=\"26f423c73f\" \/><input type=\"hidden\" name=\"_wp_http_referer\" value=\"\/index.php\/wp-json\/wp\/v2\/pages\/76\" \/><div id=\"frm_field_1_container\" class=\"frm_form_field form-field  frm_required_field frm_top_container frm12 frm_first\">\r\n\t<label for=\"field_qh4icy\" id=\"field_qh4icy_label\" class=\"frm_primary_label\">Nombre:\r\n\t\t<span class=\"frm_required\" aria-hidden=\"true\">*<\/span>\r\n\t<\/label>\r\n\t<input type=\"text\" id=\"field_qh4icy\" name=\"item_meta[1]\" value=\"\"  data-reqmsg=\"Nombre: Campo obligatorio.\" aria-required=\"true\" data-invmsg=\"Nombre: no es v\u00e1lido\" aria-invalid=\"false\"  \/>\r\n\t\r\n\t\r\n<\/div>\n<div id=\"frm_field_3_container\" class=\"frm_form_field form-field  frm_required_field frm_top_container frm_full\">\r\n\t<label for=\"field_29yf4d\" id=\"field_29yf4d_label\" class=\"frm_primary_label\">Correo:\r\n\t\t<span class=\"frm_required\" aria-hidden=\"true\">*<\/span>\r\n\t<\/label>\r\n\t<input type=\"email\" id=\"field_29yf4d\" name=\"item_meta[3]\" value=\"\"  data-reqmsg=\"Correo: Campo obligatorio.\" aria-required=\"true\" data-invmsg=\"Por favor, introduce una direcci\u00f3n de correo electr\u00f3nico v\u00e1lida\" aria-invalid=\"false\"  \/>\r\n\t\r\n\t\r\n<\/div>\n<div id=\"frm_field_7_container\" class=\"frm_form_field form-field  frm_required_field frm_top_container frm6 frm_first\">\r\n\t<label for=\"field_kyth6\" id=\"field_kyth6_label\" class=\"frm_primary_label\">Municipio:\r\n\t\t<span class=\"frm_required\" aria-hidden=\"true\">*<\/span>\r\n\t<\/label>\r\n\t\t\t<select name=\"item_meta[7]\" id=\"field_kyth6\"  placeholder=\"Seleccione\" data-reqmsg=\"Municipio: Campo obligatorio.\" aria-required=\"true\" data-invmsg=\"Municipio: no es v\u00e1lido\" aria-invalid=\"false\"  >\n\t\t<option  class=\"frm-select-placeholder\" value=\"\" data-placeholder=\"true\">Seleccione<\/option><option  value=\"Caucasia\">Caucasia<\/option><option  value=\"Monteria\">Monteria<\/option>\t<\/select>\n\t\r\n\t\r\n\t\r\n<\/div>\n<div id=\"frm_field_8_container\" class=\"frm_form_field form-field  frm_required_field frm_top_container frm6\">\r\n\t<label for=\"field_v5l5l\" id=\"field_v5l5l_label\" class=\"frm_primary_label\">\u00bfPetici\u00f3n, queja o reclamo?:\r\n\t\t<span class=\"frm_required\" aria-hidden=\"true\">*<\/span>\r\n\t<\/label>\r\n\t\t\t<select name=\"item_meta[8]\" id=\"field_v5l5l\"  placeholder=\"Selecci\u00f3n\" data-reqmsg=\"\u00bfPetici\u00f3n, queja o reclamo?: Campo obligatorio.\" aria-required=\"true\" data-invmsg=\"\u00bfPetici\u00f3n, queja o reclamo?: no es v\u00e1lido\" aria-invalid=\"false\"  >\n\t\t<option  class=\"frm-select-placeholder\" value=\"\" data-placeholder=\"true\">Selecci\u00f3n<\/option><option  value=\"Petici\u00f3n\">Petici\u00f3n<\/option><option  value=\"Queja\">Queja<\/option><option  value=\"Reclamo\">Reclamo<\/option>\t<\/select>\n\t\r\n\t\r\n\t\r\n<\/div>\n<div id=\"frm_field_5_container\" class=\"frm_form_field form-field  frm_required_field frm_top_container frm_full\">\r\n\t<label for=\"field_9jv0r1\" id=\"field_9jv0r1_label\" class=\"frm_primary_label\">Mensaje:\r\n\t\t<span class=\"frm_required\" aria-hidden=\"true\">*<\/span>\r\n\t<\/label>\r\n\t<textarea name=\"item_meta[5]\" id=\"field_9jv0r1\" rows=\"5\"  data-reqmsg=\"Mensaje: Campo obligatorio.\" aria-required=\"true\" data-invmsg=\"Mensaje: no es v\u00e1lido\" aria-invalid=\"false\"  ><\/textarea>\r\n\t\r\n\t\r\n<\/div>\n<div id=\"frm_field_9_container\" class=\"frm_form_field form-field  frm_none_container frm12 frm_first\">\n\t<label for=\"g-recaptcha-response\" id=\"field_shb1a_label\" class=\"frm_primary_label\">Captcha\n\t\t<span class=\"frm_required\" aria-hidden=\"true\"><\/span>\n\t<\/label>\n\t<div  id=\"field_shb1a\" class=\"frm-g-recaptcha\" data-sitekey=\"6Lehd94qAAAAAGLGjM4zjDKEqRargnQOEnGaoZFg\" data-size=\"normal\" data-theme=\"light\"><\/div>\n\t\n\t\n<\/div>\n<div id=\"frm_field_6_container\" class=\"frm_form_field form-field \">\r\n\t<div class=\"frm_submit frm_flex\">\r\n<button class=\"frm_button_submit\" type=\"submit\"  >Enviar<\/button>\r\n\r\n\r\n\r\n<\/div>\r\n<\/div>\n\t<input type=\"hidden\" name=\"item_key\" value=\"\" \/>\n\t\t\t<div id=\"frm_field_10_container\">\n\t\t\t<label for=\"field_jwrk3\" >\n\t\t\t\tSi eres humano, deja este campo en blanco.\t\t\t<\/label>\n\t\t\t<input  id=\"field_jwrk3\" type=\"text\" class=\"frm_form_field form-field frm_verify\" name=\"item_meta[10]\" value=\"\"  \/>\n\t\t<\/div>\n\t\t<input name=\"frm_state\" type=\"hidden\" value=\"tht9C8vU\/tTxbWd6iLAiXWCJBmhAJhouRaUwbHNf97E=\" \/><\/div>\n<\/fieldset>\n<\/div>\n\n<\/form>\n<\/div>\n\t\t\t\t<\/div>\n\t\t\t\t<\/div>\n\t\t\t\t<\/div>\n\t\t\t\t<\/div>\n\t\t\t\t<\/div>\n\t\t","protected":false},"excerpt":{"rendered":"<p>Contacto y PQR \u00bfNecesitas enviar una imagen o un documento? Por favor env\u00edanos un mensaje al correo pqr@asorecicol.org Contacto Nombre: * Correo: * Municipio: * SeleccioneCaucasiaMonteria \u00bfPetici\u00f3n, queja o reclamo?: * Selecci\u00f3nPetici\u00f3nQuejaReclamo Mensaje: * Enviar Si eres humano, deja este campo en blanco.<\/p>\n","protected":false},"author":1,"featured_media":0,"parent":0,"menu_order":0,"comment_status":"closed","ping_status":"closed","template":"","meta":{"ocean_post_layout":"","ocean_both_sidebars_style":"","ocean_both_sidebars_content_width":0,"ocean_both_sidebars_sidebars_width":0,"ocean_sidebar":"","ocean_second_sidebar":"","ocean_disable_margins":"enable","ocean_add_body_class":"","ocean_shortcode_before_top_bar":"","ocean_shortcode_after_top_bar":"","ocean_shortcode_before_header":"","ocean_shortcode_after_header":"","ocean_has_shortcode":"","ocean_shortcode_after_title":"","ocean_shortcode_before_footer_widgets":"","ocean_shortcode_after_footer_widgets":"","ocean_shortcode_before_footer_bottom":"","ocean_shortcode_after_footer_bottom":"","ocean_display_top_bar":"default","ocean_display_header":"default","ocean_header_style":"","ocean_center_header_left_menu":"","ocean_custom_header_template":"","ocean_custom_logo":0,"ocean_custom_retina_logo":0,"ocean_custom_logo_max_width":0,"ocean_custom_logo_tablet_max_width":0,"ocean_custom_logo_mobile_max_width":0,"ocean_custom_logo_max_height":0,"ocean_custom_logo_tablet_max_height":0,"ocean_custom_logo_mobile_max_height":0,"ocean_header_custom_menu":"","ocean_menu_typo_font_family":"","ocean_menu_typo_font_subset":"","ocean_menu_typo_font_size":0,"ocean_menu_typo_font_size_tablet":0,"ocean_menu_typo_font_size_mobile":0,"ocean_menu_typo_font_size_unit":"px","ocean_menu_typo_font_weight":"","ocean_menu_typo_font_weight_tablet":"","ocean_menu_typo_font_weight_mobile":"","ocean_menu_typo_transform":"","ocean_menu_typo_transform_tablet":"","ocean_menu_typo_transform_mobile":"","ocean_menu_typo_line_height":0,"ocean_menu_typo_line_height_tablet":0,"ocean_menu_typo_line_height_mobile":0,"ocean_menu_typo_line_height_unit":"","ocean_menu_typo_spacing":0,"ocean_menu_typo_spacing_tablet":0,"ocean_menu_typo_spacing_mobile":0,"ocean_menu_typo_spacing_unit":"","ocean_menu_link_color":"","ocean_menu_link_color_hover":"","ocean_menu_link_color_active":"","ocean_menu_link_background":"","ocean_menu_link_hover_background":"","ocean_menu_link_active_background":"","ocean_menu_social_links_bg":"","ocean_menu_social_hover_links_bg":"","ocean_menu_social_links_color":"","ocean_menu_social_hover_links_color":"","ocean_disable_title":"default","ocean_disable_heading":"default","ocean_post_title":"","ocean_post_subheading":"","ocean_post_title_style":"","ocean_post_title_background_color":"","ocean_post_title_background":0,"ocean_post_title_bg_image_position":"","ocean_post_title_bg_image_attachment":"","ocean_post_title_bg_image_repeat":"","ocean_post_title_bg_image_size":"","ocean_post_title_height":0,"ocean_post_title_bg_overlay":0.5,"ocean_post_title_bg_overlay_color":"","ocean_disable_breadcrumbs":"default","ocean_breadcrumbs_color":"","ocean_breadcrumbs_separator_color":"","ocean_breadcrumbs_links_color":"","ocean_breadcrumbs_links_hover_color":"","ocean_display_footer_widgets":"default","ocean_display_footer_bottom":"default","ocean_custom_footer_template":"","footnotes":""},"class_list":["post-76","page","type-page","status-publish","hentry","entry","owp-thumbs-layout-horizontal","owp-btn-normal","owp-tabs-layout-horizontal","has-no-thumbnails"],"yoast_head":"<!-- This site is optimized with the Yoast SEO plugin v26.0 - https:\/\/yoast.com\/wordpress\/plugins\/seo\/ -->\n<title>Contacto - Asorecicol<\/title>\n<meta name=\"robots\" content=\"index, follow, max-snippet:-1, max-image-preview:large, max-video-preview:-1\" \/>\n<link rel=\"canonical\" href=\"https:\/\/asorecicol.org\/index.php\/contacto\/\" \/>\n<meta property=\"og:locale\" content=\"es_ES\" \/>\n<meta property=\"og:type\" content=\"article\" \/>\n<meta property=\"og:title\" content=\"Contacto - Asorecicol\" \/>\n<meta property=\"og:description\" content=\"Contacto y PQR \u00bfNecesitas enviar una imagen o un documento? Por favor env\u00edanos un mensaje al correo pqr@asorecicol.org Contacto Nombre: * Correo: * Municipio: * SeleccioneCaucasiaMonteria \u00bfPetici\u00f3n, queja o reclamo?: * Selecci\u00f3nPetici\u00f3nQuejaReclamo Mensaje: * Enviar Si eres humano, deja este campo en blanco.\" \/>\n<meta property=\"og:url\" content=\"https:\/\/asorecicol.org\/index.php\/contacto\/\" \/>\n<meta property=\"og:site_name\" content=\"Asorecicol\" \/>\n<meta property=\"article:modified_time\" content=\"2025-01-27T20:29:41+00:00\" \/>\n<meta name=\"twitter:card\" content=\"summary_large_image\" \/>\n<script type=\"application\/ld+json\" class=\"yoast-schema-graph\">{\"@context\":\"https:\/\/schema.org\",\"@graph\":[{\"@type\":\"WebPage\",\"@id\":\"https:\/\/asorecicol.org\/index.php\/contacto\/\",\"url\":\"https:\/\/asorecicol.org\/index.php\/contacto\/\",\"name\":\"Contacto - Asorecicol\",\"isPartOf\":{\"@id\":\"https:\/\/asorecicol.org\/#website\"},\"datePublished\":\"2025-01-10T17:03:45+00:00\",\"dateModified\":\"2025-01-27T20:29:41+00:00\",\"breadcrumb\":{\"@id\":\"https:\/\/asorecicol.org\/index.php\/contacto\/#breadcrumb\"},\"inLanguage\":\"es-CO\",\"potentialAction\":[{\"@type\":\"ReadAction\",\"target\":[\"https:\/\/asorecicol.org\/index.php\/contacto\/\"]}]},{\"@type\":\"BreadcrumbList\",\"@id\":\"https:\/\/asorecicol.org\/index.php\/contacto\/#breadcrumb\",\"itemListElement\":[{\"@type\":\"ListItem\",\"position\":1,\"name\":\"Inicio\",\"item\":\"https:\/\/asorecicol.org\/\"},{\"@type\":\"ListItem\",\"position\":2,\"name\":\"Contacto\"}]},{\"@type\":\"WebSite\",\"@id\":\"https:\/\/asorecicol.org\/#website\",\"url\":\"https:\/\/asorecicol.org\/\",\"name\":\"Asorecicol\",\"description\":\"\",\"publisher\":{\"@id\":\"https:\/\/asorecicol.org\/#organization\"},\"potentialAction\":[{\"@type\":\"SearchAction\",\"target\":{\"@type\":\"EntryPoint\",\"urlTemplate\":\"https:\/\/asorecicol.org\/?s={search_term_string}\"},\"query-input\":{\"@type\":\"PropertyValueSpecification\",\"valueRequired\":true,\"valueName\":\"search_term_string\"}}],\"inLanguage\":\"es-CO\"},{\"@type\":\"Organization\",\"@id\":\"https:\/\/asorecicol.org\/#organization\",\"name\":\"Asorecicol\",\"url\":\"https:\/\/asorecicol.org\/\",\"logo\":{\"@type\":\"ImageObject\",\"inLanguage\":\"es-CO\",\"@id\":\"https:\/\/asorecicol.org\/#\/schema\/logo\/image\/\",\"url\":\"https:\/\/asorecicol.org\/wp-content\/uploads\/2025\/01\/cropped-logo-3.webp\",\"contentUrl\":\"https:\/\/asorecicol.org\/wp-content\/uploads\/2025\/01\/cropped-logo-3.webp\",\"width\":1078,\"height\":484,\"caption\":\"Asorecicol\"},\"image\":{\"@id\":\"https:\/\/asorecicol.org\/#\/schema\/logo\/image\/\"}}]}<\/script>\n<!-- \/ Yoast SEO plugin. -->","yoast_head_json":{"title":"Contacto - Asorecicol","robots":{"index":"index","follow":"follow","max-snippet":"max-snippet:-1","max-image-preview":"max-image-preview:large","max-video-preview":"max-video-preview:-1"},"canonical":"https:\/\/asorecicol.org\/index.php\/contacto\/","og_locale":"es_ES","og_type":"article","og_title":"Contacto - Asorecicol","og_description":"Contacto y PQR \u00bfNecesitas enviar una imagen o un documento? Por favor env\u00edanos un mensaje al correo pqr@asorecicol.org Contacto Nombre: * Correo: * Municipio: * SeleccioneCaucasiaMonteria \u00bfPetici\u00f3n, queja o reclamo?: * Selecci\u00f3nPetici\u00f3nQuejaReclamo Mensaje: * Enviar Si eres humano, deja este campo en blanco.","og_url":"https:\/\/asorecicol.org\/index.php\/contacto\/","og_site_name":"Asorecicol","article_modified_time":"2025-01-27T20:29:41+00:00","twitter_card":"summary_large_image","schema":{"@context":"https:\/\/schema.org","@graph":[{"@type":"WebPage","@id":"https:\/\/asorecicol.org\/index.php\/contacto\/","url":"https:\/\/asorecicol.org\/index.php\/contacto\/","name":"Contacto - Asorecicol","isPartOf":{"@id":"https:\/\/asorecicol.org\/#website"},"datePublished":"2025-01-10T17:03:45+00:00","dateModified":"2025-01-27T20:29:41+00:00","breadcrumb":{"@id":"https:\/\/asorecicol.org\/index.php\/contacto\/#breadcrumb"},"inLanguage":"es-CO","potentialAction":[{"@type":"ReadAction","target":["https:\/\/asorecicol.org\/index.php\/contacto\/"]}]},{"@type":"BreadcrumbList","@id":"https:\/\/asorecicol.org\/index.php\/contacto\/#breadcrumb","itemListElement":[{"@type":"ListItem","position":1,"name":"Inicio","item":"https:\/\/asorecicol.org\/"},{"@type":"ListItem","position":2,"name":"Contacto"}]},{"@type":"WebSite","@id":"https:\/\/asorecicol.org\/#website","url":"https:\/\/asorecicol.org\/","name":"Asorecicol","description":"","publisher":{"@id":"https:\/\/asorecicol.org\/#organization"},"potentialAction":[{"@type":"SearchAction","target":{"@type":"EntryPoint","urlTemplate":"https:\/\/asorecicol.org\/?s={search_term_string}"},"query-input":{"@type":"PropertyValueSpecification","valueRequired":true,"valueName":"search_term_string"}}],"inLanguage":"es-CO"},{"@type":"Organization","@id":"https:\/\/asorecicol.org\/#organization","name":"Asorecicol","url":"https:\/\/asorecicol.org\/","logo":{"@type":"ImageObject","inLanguage":"es-CO","@id":"https:\/\/asorecicol.org\/#\/schema\/logo\/image\/","url":"https:\/\/asorecicol.org\/wp-content\/uploads\/2025\/01\/cropped-logo-3.webp","contentUrl":"https:\/\/asorecicol.org\/wp-content\/uploads\/2025\/01\/cropped-logo-3.webp","width":1078,"height":484,"caption":"Asorecicol"},"image":{"@id":"https:\/\/asorecicol.org\/#\/schema\/logo\/image\/"}}]}},"_links":{"self":[{"href":"https:\/\/asorecicol.org\/index.php\/wp-json\/wp\/v2\/pages\/76","targetHints":{"allow":["GET"]}}],"collection":[{"href":"https:\/\/asorecicol.org\/index.php\/wp-json\/wp\/v2\/pages"}],"about":[{"href":"https:\/\/asorecicol.org\/index.php\/wp-json\/wp\/v2\/types\/page"}],"author":[{"embeddable":true,"href":"https:\/\/asorecicol.org\/index.php\/wp-json\/wp\/v2\/users\/1"}],"replies":[{"embeddable":true,"href":"https:\/\/asorecicol.org\/index.php\/wp-json\/wp\/v2\/comments?post=76"}],"version-history":[{"count":0,"href":"https:\/\/asorecicol.org\/index.php\/wp-json\/wp\/v2\/pages\/76\/revisions"}],"wp:attachment":[{"href":"https:\/\/asorecicol.org\/index.php\/wp-json\/wp\/v2\/media?parent=76"}],"curies":[{"name":"wp","href":"https:\/\/api.w.org\/{rel}","templated":true}]}}